{"id":146,"date":"2024-07-09T14:12:05","date_gmt":"2024-07-09T12:12:05","guid":{"rendered":"https:\/\/maramtebini-psychologue.fr\/?page_id=146"},"modified":"2026-03-23T15:14:45","modified_gmt":"2026-03-23T14:14:45","slug":"contact","status":"publish","type":"page","link":"https:\/\/maramtebini-psychologue.fr\/contact","title":{"rendered":"Contact"},"content":{"rendered":"\t\t<div data-elementor-type=\"wp-page\" data-elementor-id=\"146\" class=\"elementor elementor-146\" data-elementor-post-type=\"page\">\n\t\t\t\t<div class=\"elementor-element elementor-element-925a6c0 e-flex e-con-boxed e-con e-parent\" data-id=\"925a6c0\" data-element_type=\"container\" data-e-type=\"container\">\n\t\t\t\t\t<div class=\"e-con-inner\">\n\t\t\t\t<div class=\"elementor-element elementor-element-8527841 elementor-widget elementor-widget-heading\" data-id=\"8527841\" data-element_type=\"widget\" data-e-type=\"widget\" data-widget_type=\"heading.default\">\n\t\t\t\t<div class=\"elementor-widget-container\">\n\t\t\t\t\t<h2 class=\"elementor-heading-title elementor-size-default\">Prise de rendez vous<\/h2>\t\t\t\t<\/div>\n\t\t\t\t<\/div>\n\t\t\t\t\t<\/div>\n\t\t\t\t<\/div>\n\t\t<div class=\"elementor-element elementor-element-0221cda e-flex e-con-boxed e-con e-parent\" data-id=\"0221cda\" data-element_type=\"container\" data-e-type=\"container\" data-settings=\"{&quot;background_background&quot;:&quot;classic&quot;}\">\n\t\t\t\t\t<div class=\"e-con-inner\">\n\t\t\t\t<div class=\"elementor-element elementor-element-6325300 elementor-widget elementor-widget-wpforms\" data-id=\"6325300\" data-element_type=\"widget\" data-e-type=\"widget\" data-widget_type=\"wpforms.default\">\n\t\t\t\t<div class=\"elementor-widget-container\">\n\t\t\t\t\t<div class=\"wpforms-container wpforms-render-modern\" id=\"wpforms-561\"><form id=\"wpforms-form-561\" class=\"wpforms-validate wpforms-form wpforms-ajax-form\" data-formid=\"561\" method=\"post\" enctype=\"multipart\/form-data\" action=\"\/index.php\/wp-json\/wp\/v2\/pages\/146\" data-token=\"78ec36ab573a2f21343b51a2cc3853a4\" data-token-time=\"1776410711\"><div class=\"wpforms-head-container\"><div class=\"wpforms-description\">En raison d\u2019un grand nombre de demandes, je ne peux accueillir de nouvelles consultations qu\u2019en pr\u00e9sentiel \u00e0 Montpellier. Une liste d\u2019attente est toutefois disponible pour les demandes en visio, et je vous recontacterai d\u00e8s qu\u2019un cr\u00e9neau se lib\u00e8re, dans l\u2019ordre des inscriptions<\/div><\/div><noscript class=\"wpforms-error-noscript\">Veuillez activer JavaScript dans votre navigateur pour remplir ce formulaire.<\/noscript><div id=\"wpforms-error-noscript\" style=\"display: none;\">Veuillez activer JavaScript dans votre navigateur pour remplir ce formulaire.<\/div><div class=\"wpforms-field-container\"><div id=\"wpforms-561-field_1-container\" class=\"wpforms-field wpforms-field-name\" data-field-id=\"1\"><fieldset><legend class=\"wpforms-field-label\">Nom et pr\u00e9nom<\/legend><div class=\"wpforms-field-row wpforms-field-medium\"><div class=\"wpforms-field-row-block wpforms-first wpforms-one-half\"><input type=\"text\" id=\"wpforms-561-field_1\" class=\"wpforms-field-name-first\" name=\"wpforms[fields][1][first]\" aria-errormessage=\"wpforms-561-field_1-error\" ><label for=\"wpforms-561-field_1\" class=\"wpforms-field-sublabel after\">Pr\u00e9nom<\/label><\/div><div class=\"wpforms-field-row-block wpforms-one-half\"><input type=\"text\" id=\"wpforms-561-field_1-last\" class=\"wpforms-field-name-last\" name=\"wpforms[fields][1][last]\" aria-errormessage=\"wpforms-561-field_1-last-error\" ><label for=\"wpforms-561-field_1-last\" class=\"wpforms-field-sublabel after\">Nom<\/label><\/div><\/div><\/fieldset><\/div><div id=\"wpforms-561-field_2-container\" class=\"wpforms-field wpforms-field-email\" data-field-id=\"2\"><label class=\"wpforms-field-label\" for=\"wpforms-561-field_2\">Email<\/label><input type=\"email\" id=\"wpforms-561-field_2\" class=\"wpforms-field-medium\" name=\"wpforms[fields][2]\" spellcheck=\"false\" aria-errormessage=\"wpforms-561-field_2-error\" ><\/div><div id=\"wpforms-561-field_6-container\" class=\"wpforms-field wpforms-field-select wpforms-field-select-style-classic\" data-field-id=\"6\"><label class=\"wpforms-field-label\" for=\"wpforms-561-field_6\">Type de consultation<\/label><select id=\"wpforms-561-field_6\" class=\"wpforms-field-medium\" name=\"wpforms[fields][6]\"><option value=\"En cabinet\"  class=\"choice-1 depth-1\"  >En cabinet<\/option><option value=\"En visio\"  class=\"choice-2 depth-1\"  >En visio<\/option><option value=\"T\u00e9l\u00e9phone\"  class=\"choice-3 depth-1\"  >T\u00e9l\u00e9phone<\/option><option value=\"Je ne sais pas encore\"  class=\"choice-4 depth-1\"  >Je ne sais pas encore<\/option><\/select><\/div>\t\t<div id=\"wpforms-561-field_3-container\"\n\t\t\tclass=\"wpforms-field wpforms-field-text\"\n\t\t\tdata-field-type=\"text\"\n\t\t\tdata-field-id=\"3\"\n\t\t\t>\n\t\t\t<label class=\"wpforms-field-label\" for=\"wpforms-561-field_3\" >psychologue (accessibilit\u00e9, rendez<\/label>\n\t\t\t<input type=\"text\" id=\"wpforms-561-field_3\" class=\"wpforms-field-medium\" name=\"wpforms[fields][3]\" >\n\t\t<\/div>\n\t\t<div id=\"wpforms-561-field_5-container\" class=\"wpforms-field wpforms-field-textarea\" data-field-id=\"5\"><label class=\"wpforms-field-label\" for=\"wpforms-561-field_5\">Motif du rendez vous \/ message pour la psychologue<\/label><textarea id=\"wpforms-561-field_5\" class=\"wpforms-field-medium\" name=\"wpforms[fields][5]\" aria-errormessage=\"wpforms-561-field_5-error\" ><\/textarea><\/div><div id=\"wpforms-561-field_10-container\" class=\"wpforms-field wpforms-field-textarea\" data-field-id=\"10\"><label class=\"wpforms-field-label\" for=\"wpforms-561-field_10\">Disponibilit\u00e9s (jours \/ horaires)<\/label><textarea id=\"wpforms-561-field_10\" class=\"wpforms-field-medium\" name=\"wpforms[fields][10]\" aria-errormessage=\"wpforms-561-field_10-error\" ><\/textarea><\/div><div id=\"wpforms-561-field_12-container\" class=\"wpforms-field wpforms-field-radio\" data-field-id=\"12\"><fieldset><legend class=\"wpforms-field-label\">Pr\u00e9f\u00e9rence de contact pour confirmer le rendez vous<\/legend><ul id=\"wpforms-561-field_12\"><li class=\"choice-1 depth-1\"><input type=\"radio\" id=\"wpforms-561-field_12_1\" name=\"wpforms[fields][12]\" value=\"Par t\u00e9l\u00e9phone\" aria-errormessage=\"wpforms-561-field_12_1-error\"  ><label class=\"wpforms-field-label-inline\" for=\"wpforms-561-field_12_1\">Par t\u00e9l\u00e9phone<\/label><\/li><li class=\"choice-2 depth-1\"><input type=\"radio\" id=\"wpforms-561-field_12_2\" name=\"wpforms[fields][12]\" value=\"Par email\" aria-errormessage=\"wpforms-561-field_12_2-error\"  ><label class=\"wpforms-field-label-inline\" for=\"wpforms-561-field_12_2\">Par email<\/label><\/li><li class=\"choice-3 depth-1\"><input type=\"radio\" id=\"wpforms-561-field_12_3\" name=\"wpforms[fields][12]\" value=\"SMS\" aria-errormessage=\"wpforms-561-field_12_3-error\"  ><label class=\"wpforms-field-label-inline\" for=\"wpforms-561-field_12_3\">SMS<\/label><\/li><li class=\"choice-4 depth-1\"><input type=\"radio\" id=\"wpforms-561-field_12_4\" name=\"wpforms[fields][12]\" value=\"Sans pr\u00e9f\u00e9rence\" aria-errormessage=\"wpforms-561-field_12_4-error\"  ><label class=\"wpforms-field-label-inline\" for=\"wpforms-561-field_12_4\">Sans pr\u00e9f\u00e9rence<\/label><\/li><\/ul><\/fieldset><\/div><div id=\"wpforms-561-field_13-container\" class=\"wpforms-field wpforms-field-select wpforms-field-select-style-classic\" data-field-id=\"13\"><label class=\"wpforms-field-label\" for=\"wpforms-561-field_13\">Cr\u00e9neau pr\u00e9f\u00e9r\u00e9 (si possible)<\/label><select id=\"wpforms-561-field_13\" class=\"wpforms-field-medium\" name=\"wpforms[fields][13]\"><option value=\"Matin\"  class=\"choice-1 depth-1\"  >Matin<\/option><option value=\"Midi\"  class=\"choice-2 depth-1\"  >Midi<\/option><option value=\"Apr\u00e8s-midi\"  class=\"choice-3 depth-1\"  >Apr\u00e8s-midi<\/option><option value=\"Soir\"  class=\"choice-4 depth-1\"  >Soir<\/option><\/select><\/div><div id=\"wpforms-561-field_15-container\" class=\"wpforms-field wpforms-field-textarea\" data-field-id=\"15\"><label class=\"wpforms-field-label\" for=\"wpforms-561-field_15\">Informations pratiques \u00e0 conna\u00eetre (accessibilit\u00e9, contraintes, autres)<\/label><textarea id=\"wpforms-561-field_15\" class=\"wpforms-field-medium\" name=\"wpforms[fields][15]\" aria-errormessage=\"wpforms-561-field_15-error\" ><\/textarea><\/div><script>\n\t\t\t\t( function() {\n\t\t\t\t\tconst style = document.createElement( 'style' );\n\t\t\t\t\tstyle.appendChild( document.createTextNode( '#wpforms-561-field_3-container { position: absolute !important; overflow: hidden !important; display: inline !important; height: 1px !important; width: 1px !important; z-index: -1000 !important; padding: 0 !important; } #wpforms-561-field_3-container input { visibility: hidden; } #wpforms-conversational-form-page #wpforms-561-field_3-container label { counter-increment: none; }' ) );\n\t\t\t\t\tdocument.head.appendChild( style );\n\t\t\t\t\tdocument.currentScript?.remove();\n\t\t\t\t} )();\n\t\t\t<\/script><\/div><!-- .wpforms-field-container --><div class=\"wpforms-submit-container\" ><input type=\"hidden\" name=\"wpforms[id]\" value=\"561\"><input type=\"hidden\" name=\"page_title\" value=\"\"><input type=\"hidden\" name=\"page_url\" value=\"https:\/\/maramtebini-psychologue.fr\/index.php\/wp-json\/wp\/v2\/pages\/146\"><input type=\"hidden\" name=\"url_referer\" value=\"\"><button type=\"submit\" name=\"wpforms[submit]\" id=\"wpforms-submit-561\" class=\"wpforms-submit\" data-alt-text=\"Envoi...\" data-submit-text=\"Envoyer la demande\" aria-live=\"assertive\" value=\"wpforms-submit\">Envoyer la demande<\/button><img decoding=\"async\" src=\"https:\/\/maramtebini-psychologue.fr\/wp-content\/plugins\/wpforms-lite\/assets\/images\/submit-spin.svg\" class=\"wpforms-submit-spinner\" style=\"display: none;\" width=\"26\" height=\"26\" alt=\"Chargement en cours\"><\/div><\/form><\/div>  <!-- .wpforms-container -->\t\t\t\t<\/div>\n\t\t\t\t<\/div>\n\t\t\t\t\t<\/div>\n\t\t\t\t<\/div>\n\t\t\t\t<\/div>\n\t\t","protected":false},"excerpt":{"rendered":"<p>Prise de rendez vous En raison d\u2019un grand nombre de demandes, je ne peux accueillir de nouvelles consultations qu\u2019en pr\u00e9sentiel [&hellip;]<\/p>\n","protected":false},"author":1,"featured_media":0,"parent":0,"menu_order":0,"comment_status":"closed","ping_status":"closed","template":"","meta":{"_uag_custom_page_level_css":"","postBodyCss":"","postBodyMargin":[],"postBodyPadding":[],"postBodyBackground":{"backgroundType":"classic","gradient":""},"site-sidebar-layout":"default","site-content-layout":"","ast-site-content-layout":"default","site-content-style":"default","site-sidebar-style":"default","ast-global-header-display":"","ast-banner-title-visibility":"","ast-main-header-display":"","ast-hfb-above-header-display":"","ast-hfb-below-header-display":"","ast-hfb-mobile-header-display":"","site-post-title":"disabled","ast-breadcrumbs-content":"","ast-featured-img":"","footer-sml-layout":"","ast-disable-related-posts":"","theme-transparent-header-meta":"","adv-header-id-meta":"","stick-header-meta":"","header-above-stick-meta":"","header-main-stick-meta":"","header-below-stick-meta":"","astra-migrate-meta-layouts":"default","ast-page-background-enabled":"default","ast-page-background-meta":{"desktop":{"background-color":"var(--ast-global-color-5)","background-image":"","background-repeat":"repeat","background-position":"center center","background-size":"auto","background-attachment":"scroll","background-type":"","background-media":"","overlay-type":"","overlay-color":"","overlay-opacity":"","overlay-gradient":""},"tablet":{"background-color":"","background-image":"","background-repeat":"repeat","background-position":"center center","background-size":"auto","background-attachment":"scroll","background-type":"","background-media":"","overlay-type":"","overlay-color":"","overlay-opacity":"","overlay-gradient":""},"mobile":{"background-color":"","background-image":"","background-repeat":"repeat","background-position":"center center","background-size":"auto","background-attachment":"scroll","background-type":"","background-media":"","overlay-type":"","overlay-color":"","overlay-opacity":"","overlay-gradient":""}},"ast-content-background-meta":{"desktop":{"background-color":"var(--ast-global-color-4)","background-image":"","background-repeat":"repeat","background-position":"center center","background-size":"auto","background-attachment":"scroll","background-type":"","background-media":"","overlay-type":"","overlay-color":"","overlay-opacity":"","overlay-gradient":""},"tablet":{"background-color":"var(--ast-global-color-4)","background-image":"","background-repeat":"repeat","background-position":"center center","background-size":"auto","background-attachment":"scroll","background-type":"","background-media":"","overlay-type":"","overlay-color":"","overlay-opacity":"","overlay-gradient":""},"mobile":{"background-color":"var(--ast-global-color-4)","background-image":"","background-repeat":"repeat","background-position":"center center","background-size":"auto","background-attachment":"scroll","background-type":"","background-media":"","overlay-type":"","overlay-color":"","overlay-opacity":"","overlay-gradient":""}},"footnotes":""},"class_list":["post-146","page","type-page","status-publish","hentry"],"uagb_featured_image_src":{"full":false,"thumbnail":false,"medium":false,"medium_large":false,"large":false,"1536x1536":false,"2048x2048":false},"uagb_author_info":{"display_name":"Maram","author_link":"https:\/\/maramtebini-psychologue.fr\/archives\/author\/admin2101"},"uagb_comment_info":0,"uagb_excerpt":"Prise de rendez vous En raison d\u2019un grand nombre de demandes, je ne peux accueillir de nouvelles consultations qu\u2019en pr\u00e9sentiel [&hellip;]","_links":{"self":[{"href":"https:\/\/maramtebini-psychologue.fr\/wp-json\/wp\/v2\/pages\/146","targetHints":{"allow":["GET"]}}],"collection":[{"href":"https:\/\/maramtebini-psychologue.fr\/wp-json\/wp\/v2\/pages"}],"about":[{"href":"https:\/\/maramtebini-psychologue.fr\/wp-json\/wp\/v2\/types\/page"}],"author":[{"embeddable":true,"href":"https:\/\/maramtebini-psychologue.fr\/wp-json\/wp\/v2\/users\/1"}],"replies":[{"embeddable":true,"href":"https:\/\/maramtebini-psychologue.fr\/wp-json\/wp\/v2\/comments?post=146"}],"version-history":[{"count":26,"href":"https:\/\/maramtebini-psychologue.fr\/wp-json\/wp\/v2\/pages\/146\/revisions"}],"predecessor-version":[{"id":1054,"href":"https:\/\/maramtebini-psychologue.fr\/wp-json\/wp\/v2\/pages\/146\/revisions\/1054"}],"wp:attachment":[{"href":"https:\/\/maramtebini-psychologue.fr\/wp-json\/wp\/v2\/media?parent=146"}],"curies":[{"name":"wp","href":"https:\/\/api.w.org\/{rel}","templated":true}]}}